{"id":7104,"date":"2022-04-21T15:32:25","date_gmt":"2022-04-21T13:32:25","guid":{"rendered":"https:\/\/www.cernovsky.cz\/obchodni-podminky-a-zasady-ochrany-osobnich-udaju\/"},"modified":"2022-05-23T15:08:34","modified_gmt":"2022-05-23T13:08:34","slug":"obchodni-podminky-a-zasady-ochrany-osobnich-udaju","status":"publish","type":"page","link":"https:\/\/www.cernovsky.cz\/en\/obchodni-podminky-a-zasady-ochrany-osobnich-udaju\/","title":{"rendered":"Obchodn\u00ed podm\u00ednky a z\u00e1sady ochrany osobn\u00edch \u00fadaj\u016f"},"content":{"rendered":"\t\t<div data-elementor-type=\"wp-page\" data-elementor-id=\"7104\" class=\"elementor elementor-7104 elementor-5716\" data-elementor-post-type=\"page\">\n\t\t\t\t<div class=\"elementor-element elementor-element-9557a69 e-flex e-con-boxed e-con e-parent\" data-id=\"9557a69\" data-element_type=\"container\" data-e-type=\"container\">\n\t\t\t\t\t<div class=\"e-con-inner\">\n\t\t<div class=\"elementor-element elementor-element-418dc91 e-flex e-con-boxed e-con e-parent\" data-id=\"418dc91\" data-element_type=\"container\" data-e-type=\"container\">\n\t\t\t\t\t<div class=\"e-con-inner\">\n\t\t\t\t<div class=\"elementor-element elementor-element-dc3b1f4 elementor-widget elementor-widget-heading\" data-id=\"dc3b1f4\" data-element_type=\"widget\" data-e-type=\"widget\" data-widget_type=\"heading.default\">\n\t\t\t\t<div class=\"elementor-widget-container\">\n\t\t\t\t\t<h1 class=\"elementor-heading-title elementor-size-default\">Obchodn\u00ed podm\u00ednky<\/h1>\t\t\t\t<\/div>\n\t\t\t\t<\/div>\n\t\t\t\t<div class=\"elementor-element elementor-element-a14fd7e normal-title elementor-widget elementor-widget-text-editor\" data-id=\"a14fd7e\" data-element_type=\"widget\" data-e-type=\"widget\" data-widget_type=\"text-editor.default\">\n\t\t\t\t<div class=\"elementor-widget-container\">\n\t\t\t\t\t\t\t\t\t<p>Jmenuji se Tom\u00e1\u0161 \u010cernovsk\u00fd, se s\u00eddlem Erbenova 436, Mlad\u00e1 Boleslav, 293 01, a m\u00e1 webov\u00e1 adresa je: https:\/\/www.cernovsky.cz<\/p>\n<h2>Kdo jsem<\/h2>\n<p>Kontaktn\u00ed osoba: Tom\u00e1\u0161 \u010cernovsk\u00fd, tel: <a href=\"tel:420723333859\">+420 723 333 859<\/a>, email: <a href=\"mailto:tomas@cernovsky.cz\">tomas@cernovsky.cz<\/a><\/p>\n<p>I\u010cO: 00767972 \u2013 nejsem pl\u00e1tce DPH, ale je mo\u017enost fakturovat skrze I\u010cO, kter\u00e9 je pl\u00e1tce DPH.<\/p>\n<p>S\u00eddl\u00edm v Praze a okol\u00ed, ale pohybuju se tak\u00e9 v Mlad\u00e9 Boleslavi.<\/p>\n<h2>Jak\u00e9 shroma\u017e\u010fuji osobn\u00ed \u00fadaje a pro\u010d je shroma\u017e\u010fuji<\/h2>\n<p><strong>INFORMACE O ZP\u016eSOBU A ROZSAHU ZPRACOV\u00c1N\u00cd OSOBN\u00cdCH \u00daDAJ\u016e DLE obecn\u00e9ho na\u0159\u00edzen\u00ed o ochran\u011b osobn\u00edch \u00fadaj\u016f \u010d. 2016\/679\/EU (GDPR)<\/strong><\/p>\n<h4>Koment\u00e1\u0159e<\/h4>\n<p>Kdy\u017e n\u00e1v\u0161t\u011bvn\u00edci p\u0159idaj\u00ed koment\u00e1\u0159 na tento web, jsou shroma\u017e\u010fov\u00e1ny \u00fadaje zobrazen\u00e9 ve formul\u00e1\u0159i pro koment\u00e1\u0159, d\u00e1le IP adresa n\u00e1v\u0161t\u011bvn\u00edka a \u0159et\u011bzec user agent definuj\u00edc\u00ed prohl\u00ed\u017ee\u010d, co\u017e pom\u00e1h\u00e1 k detekci spamu.<\/p>\n<p>Slu\u017eb\u011b Gravatar m\u016f\u017ee b\u00fdt poskytnut anonymn\u00ed \u0159et\u011bzec vytvo\u0159en\u00fd z va\u0161\u00ed emailov\u00e9 adresy (naz\u00fdvan\u00fd tak\u00e9 hash), d\u00edky kter\u00e9mu lze ur\u010dit jestli tuto slu\u017ebu pou\u017e\u00edv\u00e1te. Z\u00e1sady ochrany osobn\u00edch \u00fadaj\u016f slu\u017eby Gravatar jsou k dispozici zde: https:\/\/automattic.com\/privacy\/. Po schv\u00e1len\u00ed va\u0161eho koment\u00e1\u0159e je v\u00e1\u0161 profilov\u00fd obr\u00e1zek viditeln\u00fd pro ve\u0159ejnost v kontextu va\u0161eho koment\u00e1\u0159e.<\/p>\n<h4>M\u00e9dia<\/h4>\n<p>Pokud nahr\u00e1v\u00e1te obr\u00e1zky na tento web, m\u011bli byste se vyhnout nahr\u00e1v\u00e1n\u00ed obr\u00e1zk\u016f s vlo\u017een\u00fdmi \u00fadaji o poloze (EXIF GPS). N\u00e1v\u0161t\u011bvn\u00edci webu mohou st\u00e1hnout a zobrazit libovoln\u00e9 data o poloze z obr\u00e1zk\u016f na webu.<\/p>\n<h4>Marketing<\/h4>\n<p>Na z\u00e1klad\u011b Va\u0161eho odvolateln\u00e9ho souhlasu dle \u010dl. 6 odst. 1 p\u00edsm. a) GDPR, tj. zejm\u00e9na nab\u00edzen\u00ed v\u00fdrobk\u016f a slu\u017eeb, zas\u00edl\u00e1n\u00ed informac\u00ed o po\u0159\u00e1dan\u00fdch akc\u00edch, v\u00fdrobc\u00edch, slu\u017eb\u00e1ch a jin\u00fdch aktivit\u00e1ch, v\u010detn\u011b p\u0159\u00edm\u00e9ho marketingu prost\u0159ednictv\u00edm elektronick\u00fdch prost\u0159edk\u016f podle z\u00e1kona \u010d. 480\/2004 Sb., o n\u011bkter\u00fdch slu\u017eb\u00e1ch informa\u010dn\u00ed spole\u010dnosti.<\/p>\n<h4>Kontaktn\u00ed formul\u00e1\u0159e<\/h4>\n<h4>Cookies<\/h4>\n<p>Pokud na na\u0161e str\u00e1nky p\u0159id\u00e1te koment\u00e1\u0159, m\u016f\u017eete povolit ulo\u017een\u00ed jm\u00e9na, emailov\u00e9 adresy a webov\u00e9 str\u00e1nky do cookies. T\u00edmto zp\u016fsobem se sna\u017e\u00edm zv\u00fd\u0161it v\u00e1\u0161 komfort, kdy\u017e budete ps\u00e1t nov\u00fd koment\u00e1\u0159 u\u017e pak nebudete muset tyto \u00fadaje znovu vypl\u0148ovat. Tyto soubory cookies budou m\u00edt \u017eivotnost jeden rok.<\/p>\n<p>Pokud m\u00e1te \u00fa\u010det a p\u0159ihla\u0161ujete se k tomuto webu, nastav\u00edm do\u010dasn\u00e9 cookie pro ov\u011b\u0159en\u00ed, zda v\u00e1\u0161 prohl\u00ed\u017ee\u010d p\u0159ij\u00edm\u00e1 soubory cookies. Tento soubor cookie neobsahuje \u017e\u00e1dn\u00e9 osobn\u00ed data a p\u0159i zav\u0159en\u00ed prohl\u00ed\u017ee\u010de se zru\u0161\u00ed.<\/p>\n<p>P\u0159i p\u0159ihla\u0161ov\u00e1n\u00ed v\u00e1m nastav\u00edm tak\u00e9 n\u011bkolik soubor\u016f cookies pro ulo\u017een\u00ed va\u0161ich p\u0159ihla\u0161ovac\u00edch \u00fadaj\u016f a pro nastaven\u00ed zobrazen\u00ed obrazovky. P\u0159ihla\u0161ovac\u00ed soubory cookies maj\u00ed \u017eivotnost dva dny a cookies pro nastaven\u00ed zobrazen\u00ed maj\u00ed \u017eivotnost jeden rok. Pokud potvrd\u00edte mo\u017enost \u201eZapamatovat si m\u011b\u201c, va\u0161e p\u0159ihl\u00e1\u0161en\u00ed bude trvat dva t\u00fddny. Pokud se ze sv\u00e9ho \u00fa\u010dtu odhl\u00e1s\u00edte, p\u0159ihla\u0161ovac\u00ed cookies budou odstran\u011bny.<\/p>\n<p>Pokud upravujete nebo publikujete \u010dl\u00e1nek, bude ve va\u0161em prohl\u00ed\u017ee\u010di ulo\u017een dal\u0161\u00ed cookie. Tento cookie neobsahuje \u017e\u00e1dn\u00e9 osobn\u00ed data a jednodu\u0161e ozna\u010duje ID p\u0159\u00edsp\u011bvku, kter\u00fd jste pr\u00e1v\u011b upravili. Jeho platnost vypr\u0161\u00ed po 1 dni.<\/p>\n<h5>Vlo\u017een\u00fd obsah z dal\u0161\u00edch web\u016f<\/h5>\n<p>P\u0159\u00edsp\u011bvky na t\u011bchto str\u00e1nk\u00e1ch mohou obsahovat vlo\u017een\u00fd obsah (nap\u0159\u00edklad videa, obr\u00e1zky, \u010dl\u00e1nky atd.). Vlo\u017een\u00fd obsah z jin\u00fdch webov\u00fdch str\u00e1nek se chov\u00e1 stejn\u00fdm zp\u016fsobem, jako kdyby n\u00e1v\u0161t\u011bvn\u00edk nav\u0161t\u00edvil jin\u00fd web.<\/p>\n<p>Tyto webov\u00e9 str\u00e1nky mohou shroma\u017e\u010fovat data o v\u00e1s, pou\u017e\u00edvat soubory cookies, vkl\u00e1dat dal\u0161\u00ed sledov\u00e1n\u00ed od t\u0159et\u00edch stran a sledovat va\u0161i interakci s t\u00edmto vlo\u017een\u00fdm obsahem, v\u010detn\u011b sledov\u00e1n\u00ed interakce s vlo\u017een\u00fdm obsahem, pokud m\u00e1te \u00fa\u010det a jste p\u0159ihl\u00e1\u0161eni na danou webovou str\u00e1nku.<\/p>\n<h5>Analytika<\/h5>\n<p>Tento web pou\u017e\u00edv\u00e1 Google Analytics.<\/p>\n<p>Tato str\u00e1nka pou\u017e\u00edv\u00e1 slu\u017ebu Google Analytics, poskytovanou spole\u010dnost\u00ed Google, Inc. (d\u00e1le jen \u201cGoogle\u201d). Slu\u017eba Google Analytics pou\u017e\u00edv\u00e1 soubor\u016f cookies. Informace o u\u017e\u00edv\u00e1n\u00ed str\u00e1nky spolu s obsahem souboru cookie bude spole\u010dnost\u00ed Google p\u0159enesen a ulo\u017een na serverech ve Spojen\u00fdch st\u00e1tech. Google bude u\u017e\u00edvat t\u011bchto informac\u00ed pro \u00fa\u010dely vyhodnocov\u00e1n\u00ed u\u017e\u00edv\u00e1n\u00ed str\u00e1nky a vytv\u00e1\u0159en\u00ed zpr\u00e1v o jej\u00ed aktivit\u011b, ur\u010den\u00fdch pro jej\u00ed provozovatele, a pro poskytov\u00e1n\u00ed dal\u0161\u00edch slu\u017eeb t\u00fdkaj\u00edc\u00edch se \u010dinnost\u00ed na str\u00e1nce a u\u017e\u00edv\u00e1n\u00ed internetu v\u016fbec. Google m\u016f\u017ee tak\u00e9 poskytnout tyto informace t\u0159et\u00edm osob\u00e1m, bude-li to po\u017eadov\u00e1no z\u00e1konem nebo budu-li takov\u00e9to t\u0159et\u00ed osoby zpracov\u00e1vat tyto informace pro Google.<\/p>\n<p>Slu\u017eba Google Analytics je roz\u0161\u00ed\u0159ena o souvisej\u00edc\u00ed reklamn\u00ed funkce poskytovan\u00e9 spole\u010dnost\u00ed Google, a to:<\/p>\n<p><\/p>\n<ul>\n<li>p\u0159ehledy zobrazen\u00ed v reklamn\u00ed s\u00edti Google,<\/li>\n<li>remarketing (zobrazov\u00e1n\u00ed reklam v obsahov\u00e9 s\u00edti na z\u00e1klad\u011b zhl\u00e9dnut\u00fdch produkt\u016f),<\/li>\n<li>roz\u0161\u00ed\u0159en\u00e9 demografick\u00e9 p\u0159ehledy (reportov\u00e1n\u00ed anonymn\u00edch demografick\u00fdch dat),<\/li>\n<li>user id \u2013 funkce Google Analytics, kter\u00e1 umo\u017e\u0148uje m\u011b\u0159it a analyzovat chov\u00e1n\u00ed u\u017eivatel\u016f nap\u0159\u00ed\u010d za\u0159\u00edzen\u00edmi. Jako user id je pou\u017e\u00edv\u00e1m \u0159et\u011bzec \u010d\u00edsel nebo p\u00edsmen, nikdy nepou\u017e\u00edv\u00e1m osobn\u00ed \u00fadaje, kter\u00e9 by dovolily t\u0159et\u00edm stran\u00e1m identifikovat konkr\u00e9tn\u00ed osobu,<\/li>\n<li>v\u00edce informac\u00ed o zpracov\u00e1n\u00ed a vyu\u017eit\u00ed dat najdete ve <a href=\"https:\/\/policies.google.com\/technologies\/partner-sites?hl=cs\" target=\"_blank\" rel=\"noreferrer noopener\">smluvn\u00edch podm\u00ednk\u00e1ch spole\u010dnosti Google.<\/a><\/li>\n<\/ul>\n<p><\/p>\n<p><\/p>\n<h5>K \u010demu cookies pou\u017e\u00edv\u00e1m<\/h5>\n<p><\/p>\n<p><\/p>\n<p>Na m\u00e9m webu pou\u017e\u00edv\u00e1m tyto cookies:<\/p>\n<p><\/p>\n<p><\/p>\n<ul>\n<li>Technick\u00e9 \u2013 prvn\u00ed strany, kr\u00e1tkodob\u00e9. Zaji\u0161\u0165uj\u00ed z\u00e1kladn\u00ed technickou funk\u010dnost webu, tj. p\u0159ihla\u0161ov\u00e1n\u00ed, vyu\u017e\u00edv\u00e1n\u00ed slu\u017eeb apod.<\/li>\n<li>Google Analytics \u2013 prvn\u00ed strany, dlouhodob\u00e9. Jsou vyu\u017eity ke generov\u00e1n\u00ed anonymn\u00edch statistik o pou\u017e\u00edv\u00e1n\u00ed webu.<\/li>\n<li>Google Ads \u2013 prvn\u00ed strany, dlouhodob\u00e9, remarketingov\u00e9 a konverzn\u00ed.<\/li>\n<li>Sklik \u2013 t\u0159et\u00ed strany, dlouhodob\u00e9, remarketingov\u00e9 a konverzn\u00ed.<\/li>\n<li>Facebook Pixel \u2013 prvn\u00ed strany, dlouhodob\u00e9, remarketingov\u00e9 a konverzn\u00ed.<\/li>\n<li>M\u00e9 webov\u00e9 str\u00e1nky vyu\u017e\u00edvaj\u00ed technologie retargetingu od slu\u017eby Sklik provozovan\u00e9 spole\u010dnost\u00ed Seznam.cz, a.s. Ta n\u00e1m umo\u017e\u0148uje uk\u00e1zat n\u00e1v\u0161t\u011bvn\u00edk\u016fm, kte\u0159\u00ed ji\u017e projevili z\u00e1jem o na\u0161e produkty, na\u0161e reklamy v reklamn\u00ed s\u00edti spole\u010dnosti Seznam.cz, a.s.<\/li>\n<\/ul>\n<p><\/p>\n<p><\/p>\n<p>Do cookies nikdy neumis\u0165uji citliv\u00e1 nebo osobn\u00ed data. Do cookies m\u016f\u017eu um\u00edstit ID u\u017eivatele, to ale neumo\u017e\u0148uje t\u0159et\u00edm stran\u00e1m identifikovat konkr\u00e9tn\u00ed osobu.<\/p>\n<p><\/p>\n<p><\/p>\n<h5>Jak zak\u00e1zat sledov\u00e1n\u00ed Google Analytics<\/h5>\n<p><\/p>\n<p><\/p>\n<p><a href=\"https:\/\/www.cernovsky.cz\/weby-e-shopy\/zasady-pouzivani-souboru-cookie\/\">Souhrn ve\u0161ker\u00e9ho nastaven\u00ed Cookies najdete zde<\/a>.<\/p>\n<p><\/p>\n<p><\/p>\n<h2>Jak dlouho uchov\u00e1v\u00e1m va\u0161e \u00fadaje<\/h2>\n<p><\/p>\n<p><\/p>\n<p>Pokud p\u0159id\u00e1te koment\u00e1\u0159, koment\u00e1\u0159 a jeho metadata budou uchov\u00e1v\u00e1na po dobu neur\u010ditou. \u00dadaje jsou uchov\u00e1v\u00e1ny za \u00fa\u010delem automatick\u00e9ho rozpozn\u00e1n\u00ed a schv\u00e1len\u00ed v\u0161ech n\u00e1sledn\u00fdch koment\u00e1\u0159\u016f, m\u00edsto jejich dr\u017een\u00ed ve front\u011b moderov\u00e1n\u00ed.<\/p>\n<p><\/p>\n<p><\/p>\n<p>Pro u\u017eivatele, kte\u0159\u00ed se registruj\u00ed na tomto webu (pokud maj\u00ed tuto mo\u017enost), ukl\u00e1d\u00e1m tak\u00e9 osobn\u00ed \u00fadaje, kter\u00e9 uv\u00e1d\u011bj\u00ed ve sv\u00e9m u\u017eivatelsk\u00e9m profilu. V\u0161ichni u\u017eivatel\u00e9 mohou kdykoliv vid\u011bt, upravovat nebo smazat sv\u00e9 osobn\u00ed \u00fadaje (s v\u00fdjimkou toho, \u017ee nemohou zm\u011bnit sv\u00e9 u\u017eivatelsk\u00e9 jm\u00e9no). Administr\u00e1to\u0159i webu mohou tak\u00e9 tyto informace zobrazit a upravovat.<\/p>\n<p><\/p>\n<p><\/p>\n<h2>Jak\u00e9 m\u00e1te pr\u00e1va?<\/h2>\n<p><\/p>\n<p><\/p>\n<p>Pokud jste se p\u0159ihl\u00e1sili k odb\u011bru novinek, m\u00e1te na tomto webu \u00fa\u010det nebo jste zde p\u0159idali koment\u00e1\u0159e, pak m\u00e1te v souladu s p\u0159edpisy pro ochranu osobn\u00edch \u00fadaj\u016f tato pr\u00e1va:<\/p>\n<p><\/p>\n<p><\/p>\n<p>a) Pr\u00e1vo na p\u0159\u00edstup k Osobn\u00edm \u00fadaj\u016fm u Tom\u00e1\u0161e, co\u017e znamen\u00e1, \u017ee si m\u016f\u017eete kdykoliv po\u017e\u00e1dat o potvrzen\u00ed u Tom\u00e1\u0161e, zda Osobn\u00ed \u00fadaje, kter\u00e9 se V\u00e1s t\u00fdkaj\u00ed, jsou \u010di nejsou zpracov\u00e1v\u00e1ny, a pokud jsou, pak za jak\u00fdmi \u00fa\u010dely, v jak\u00e9m rozsahu, komu jsou zp\u0159\u00edstupn\u011bny, jak dlouho budou zpracov\u00e1v\u00e1ny, zda m\u00e1te pr\u00e1vo na opravu, v\u00fdmaz, omezen\u00ed zpracov\u00e1n\u00ed \u010di vzn\u00e9st n\u00e1mitku, odkud Osobn\u00ed \u00fadaje byly z\u00edsk\u00e1ny, a zda doch\u00e1z\u00ed na z\u00e1klad\u011b zpracov\u00e1n\u00ed Osobn\u00edch \u00fadaj\u016f k automatick\u00e9mu rozhodov\u00e1n\u00ed, v\u010detn\u011b p\u0159\u00edpadn\u00e9ho profilov\u00e1n\u00ed. Tak\u00e9 m\u00e1te pr\u00e1vo z\u00edskat kopii Va\u0161ich osobn\u00edch \u00fadaj\u016f, p\u0159i\u010dem\u017e prvn\u00ed poskytnut\u00ed je bezplatn\u00e9, za dal\u0161\u00ed poskytnut\u00ed pak m\u016f\u017ee Tom\u00e1\u0161 po\u017eadovat p\u0159im\u011b\u0159enou \u00fahradu administrativn\u00edch n\u00e1klad\u016f.<\/p>\n<p><\/p>\n<p><\/p>\n<p>b) Pr\u00e1vo na opravu Osobn\u00edch \u00fadaj\u016f, co\u017e znamen\u00e1, \u017ee m\u016f\u017eete po\u017e\u00e1dat Tom\u00e1\u0161e o opravu \u010di dopln\u011bn\u00ed Osobn\u00edch \u00fadaj\u016f, pokud by byly nep\u0159esn\u00e9 \u010di ne\u00fapln\u00e9.<\/p>\n<p><\/p>\n<p><\/p>\n<p>c) Pr\u00e1vo na v\u00fdmaz Osobn\u00edch \u00fadaj\u016f, co\u017e znamen\u00e1, \u017ee Tom\u00e1\u0161 mus\u00ed vymazat Va\u0161e Osobn\u00ed \u00fadaje pokud (i) ji\u017e nejsou pot\u0159ebn\u00e9 pro \u00fa\u010dely, pro kter\u00e9 byly shrom\u00e1\u017ed\u011bny nebo jinak zpracov\u00e1ny, (ii) odvol\u00e1te souhlas a neexistuje \u017e\u00e1dn\u00fd dal\u0161\u00ed d\u016fvod pro zpracov\u00e1n\u00ed (iii) vznesete n\u00e1mitky proti zpracov\u00e1n\u00ed a neexistuj\u00ed \u017e\u00e1dn\u00e9 p\u0159eva\u017euj\u00edc\u00ed opr\u00e1vn\u011bn\u00e9 d\u016fvody pro zpracov\u00e1n\u00ed (iv) zpracov\u00e1n\u00ed je protipr\u00e1vn\u00ed nebo (v) to ukl\u00e1d\u00e1 z\u00e1konn\u00e1 povinnost.<\/p>\n<p><\/p>\n<p><\/p>\n<p>d) Pr\u00e1vo na omezen\u00ed zpracov\u00e1n\u00ed Osobn\u00edch \u00fadaj\u016f, co\u017e znamen\u00e1, \u017ee dokud se nevy\u0159e\u0161\u00ed sporn\u00e9 ot\u00e1zky ohledn\u011b zpracov\u00e1n\u00ed Va\u0161ich Osobn\u00edch \u00fadaj\u016f, konkr\u00e9tn\u011b pokud (i) pop\u00edr\u00e1te p\u0159esnost Osobn\u00edch \u00fadaj\u016f, (ii) zpracov\u00e1n\u00ed je protipr\u00e1vn\u00ed, ale m\u00edsto v\u00fdmazu Osobn\u00edch \u00fadaj\u016f chcete jejich zpracov\u00e1n\u00ed pouze omezit, (iii) Tom\u00e1\u0161 ji\u017e Osobn\u00ed \u00fadaje nepot\u0159ebuje pro \u00fa\u010dely zpracov\u00e1n\u00ed, ale Vy ano (iv) nebo pokud V\u00e1mi byla vznesena n\u00e1mitka proti zpracov\u00e1n\u00ed dle \u010dl. 1.6. p\u00edsm. f), Tom\u00e1\u0161 m\u016f\u017ee m\u00edt Osobn\u00ed \u00fadaje pouze ulo\u017eeny a dal\u0161\u00ed zpracov\u00e1n\u00ed je podm\u00edn\u011bno Va\u0161\u00edm souhlasem, p\u0159\u00edpadn\u011b t\u00edm, \u017ee tyto \u00fadaje jsou pot\u0159eba z d\u016fvodu ur\u010den\u00ed, v\u00fdkonu nebo obhajoby pr\u00e1vn\u00edch n\u00e1rok\u016f,<\/p>\n<p><\/p>\n<p><\/p>\n<p>e) Pr\u00e1vo na p\u0159enositelnost \u00fadaj\u016f, co\u017e znamen\u00e1, \u017ee m\u00e1te pr\u00e1vo z\u00edskat Va\u0161e Osobn\u00ed \u00fadaje, kter\u00e9 jste poskytli Tom\u00e1\u0161ovi se souhlasem ke zpracov\u00e1n\u00ed, ve strukturovan\u00e9m, b\u011b\u017en\u011b pou\u017e\u00edvan\u00e9m a strojov\u011b \u010diteln\u00e9m form\u00e1tu, a, je-li to technicky provediteln\u00e9, m\u00e1te pr\u00e1vo, aby Tom\u00e1\u0161 tyto \u00fadaje p\u0159edal jin\u00e9mu spr\u00e1vci.<\/p>\n<p><\/p>\n<p><\/p>\n<p>f) Pr\u00e1vo vzn\u00e9st n\u00e1mitku proti zpravov\u00e1n\u00ed Osobn\u00edch \u00fadaj\u016f, co\u017e znamen\u00e1, \u017ee m\u016f\u017eete u Tom\u00e1\u0161e podat p\u00edsemnou \u010di elektronickou n\u00e1mitku proti zpracov\u00e1n\u00ed sv\u00fdch Osobn\u00edch \u00fadaj\u016f, \u010d\u00edm\u017e zp\u016fsob\u00edte, \u017ee Tom\u00e1\u0161 Osobn\u00ed \u00fadaje d\u00e1le nezpracov\u00e1v\u00e1, pokud neprok\u00e1\u017ee z\u00e1va\u017en\u00e9 opr\u00e1vn\u011bn\u00e9 d\u016fvody pro zpracov\u00e1n\u00ed, kter\u00e9 p\u0159eva\u017euj\u00ed nad Va\u0161imi z\u00e1jmy nebo pr\u00e1vy a svobodami.<\/p>\n<p><\/p>\n<p><\/p>\n<p>Ve\u0161ker\u00e1 sv\u00e1 pr\u00e1va, stanoven\u00e1 v\u00fd\u0161e, m\u016f\u017eete uplatnit u Tom\u00e1\u0161e bu\u010fto p\u00edsemnou formou doporu\u010den\u00fdm dopisem, zaslan\u00fdm na adresu m\u00e9ho s\u00eddla, \u010di elektronickou formou na e-mailov\u00e9 adrese <a href=\"mailto:tomas@cernovsky.cz\">tomas@cernovsky.cz<\/a>.<\/p>\n<p><\/p>\n<p><\/p>\n<h2>Kam pos\u00edl\u00e1m va\u0161e data?<\/h2>\n<p><\/p>\n<p><\/p>\n<p>Koment\u00e1\u0159e n\u00e1v\u0161t\u011bvn\u00edk\u016f mohou b\u00fdt kontrolov\u00e1ny prost\u0159ednictv\u00edm automatizovan\u00e9 slu\u017eby detekce spamu, kter\u00e1 m\u016f\u017ee b\u00fdt um\u00edst\u011bna v zahrani\u010d\u00ed.<\/p>\n<p><\/p>\t\t\t\t\t\t\t\t<\/div>\n\t\t\t\t<\/div>\n\t\t\t\t\t<\/div>\n\t\t\t\t<\/div>\n\t\t\t\t\t<\/div>\n\t\t\t\t<\/div>\n\t\t\t\t<\/div>\n\t\t","protected":false},"excerpt":{"rendered":"<p>Obchodn\u00ed podm\u00ednky Jmenuji se Tom\u00e1\u0161 \u010cernovsk\u00fd, se s\u00eddlem Erbenova 436, Mlad\u00e1 Boleslav, 293 01, a m\u00e1 webov\u00e1 adresa je: http:\/\/www.cernovsky.cz Kdo jsem Kontaktn\u00ed osoba: Tom\u00e1\u0161 \u010cernovsk\u00fd, tel: +420 723 333 859, email: tomas@cernovsky.cz I\u010cO: 00767972 \u2013 nejsem pl\u00e1tce DPH, ale je mo\u017enost fakturovat skrze I\u010cO, kter\u00e9 je pl\u00e1tce DPH. S\u00eddl\u00edm v Praze a okol\u00ed, ale [&hellip;]<\/p>\n","protected":false},"author":1,"featured_media":0,"parent":0,"menu_order":0,"comment_status":"closed","ping_status":"closed","template":"","meta":{"_acf_changed":false,"footnotes":""},"class_list":["post-7104","page","type-page","status-publish","hentry"],"acf":[],"_links":{"self":[{"href":"https:\/\/www.cernovsky.cz\/en\/wp-json\/wp\/v2\/pages\/7104","targetHints":{"allow":["GET"]}}],"collection":[{"href":"https:\/\/www.cernovsky.cz\/en\/wp-json\/wp\/v2\/pages"}],"about":[{"href":"https:\/\/www.cernovsky.cz\/en\/wp-json\/wp\/v2\/types\/page"}],"author":[{"embeddable":true,"href":"https:\/\/www.cernovsky.cz\/en\/wp-json\/wp\/v2\/users\/1"}],"replies":[{"embeddable":true,"href":"https:\/\/www.cernovsky.cz\/en\/wp-json\/wp\/v2\/comments?post=7104"}],"version-history":[{"count":3,"href":"https:\/\/www.cernovsky.cz\/en\/wp-json\/wp\/v2\/pages\/7104\/revisions"}],"predecessor-version":[{"id":7107,"href":"https:\/\/www.cernovsky.cz\/en\/wp-json\/wp\/v2\/pages\/7104\/revisions\/7107"}],"wp:attachment":[{"href":"https:\/\/www.cernovsky.cz\/en\/wp-json\/wp\/v2\/media?parent=7104"}],"curies":[{"name":"wp","href":"https:\/\/api.w.org\/{rel}","templated":true}]}}